{"id":39,"date":"2025-01-22T19:22:29","date_gmt":"2025-01-22T18:22:29","guid":{"rendered":"https:\/\/flexitaxi.cz\/?page_id=39"},"modified":"2025-10-27T17:15:28","modified_gmt":"2025-10-27T16:15:28","slug":"cenik","status":"publish","type":"page","link":"http:\/\/flexitaxi.cz\/en\/cenik\/","title":{"rendered":"CEN\u00cdK"},"content":{"rendered":"<div data-elementor-type=\"wp-page\" data-elementor-id=\"39\" class=\"elementor elementor-39\">\n\t\t\t\t<div class=\"elementor-element elementor-element-e7e9f8f e-flex e-con-boxed e-con e-parent\" data-id=\"e7e9f8f\" data-element_type=\"container\" data-settings=\"{&quot;background_background&quot;:&quot;classic&quot;}\">\n\t\t\t\t\t<div class=\"e-con-inner\">\n\t\t\t\t\t<\/div>\n\t\t\t\t<\/div>\n\t\t<div class=\"elementor-element elementor-element-6217939 e-flex e-con-boxed e-con e-parent\" data-id=\"6217939\" data-element_type=\"container\" data-settings=\"{&quot;background_background&quot;:&quot;classic&quot;}\">\n\t\t\t\t\t<div class=\"e-con-inner\">\n\t\t<div class=\"elementor-element elementor-element-e97f6eb e-con-full e-flex e-con e-child\" data-id=\"e97f6eb\" data-element_type=\"container\">\n\t\t\t\t<div class=\"elementor-element elementor-element-db5e8ea elementor-widget elementor-widget-image\" data-id=\"db5e8ea\" data-element_type=\"widget\" data-widget_type=\"image.default\">\n\t\t\t\t<div class=\"elementor-widget-container\">\n\t\t\t\t\t\t\t\t\t\t\t\t\t\t\t<img fetchpriority=\"high\" decoding=\"async\" width=\"768\" height=\"768\" src=\"http:\/\/flexitaxi.cz\/wp-content\/uploads\/2025\/01\/93da1abe-e907-4e5f-920a-835ccdfa812f.jpeg\" class=\"attachment-medium_large size-medium_large wp-image-173\" alt=\"\" \/>\t\t\t\t\t\t\t\t\t\t\t\t\t\t\t<\/div>\n\t\t\t\t<\/div>\n\t\t\t\t<\/div>\n\t\t<div class=\"elementor-element elementor-element-73cd228 e-con-full e-flex e-con e-child\" data-id=\"73cd228\" data-element_type=\"container\">\n\t\t\t\t<div class=\"elementor-element elementor-element-b7072c3 elementor-widget elementor-widget-heading\" data-id=\"b7072c3\" data-element_type=\"widget\" data-widget_type=\"heading.default\">\n\t\t\t\t<div class=\"elementor-widget-container\">\n\t\t\t\t\t<h2 class=\"elementor-heading-title elementor-size-default\">CEN\u00cdK<\/h2>\t\t\t\t<\/div>\n\t\t\t\t<\/div>\n\t\t\t\t<div class=\"elementor-element elementor-element-04363b8 elementor-widget elementor-widget-text-editor\" data-id=\"04363b8\" data-element_type=\"widget\" data-widget_type=\"text-editor.default\">\n\t\t\t\t<div class=\"elementor-widget-container\">\n\t\t\t\t\t\t\t\t\t<p>Platby lze prov\u00e1d\u011bt v hotovosti, p\u0159es platebn\u00ed termin\u00e1l nebo faktura\u010dn\u011b se splatnost\u00ed 7 dn\u00ed p\u0159evodem na \u00fa\u010det, p\u0159ij\u00edm\u00e1me i EURO.\u00a0<\/p><p class=\"p1\">Disponujeme vozidly \u0160koda Superb 3 &#8211; \u0160koda Octavia 3 &#8211; Toyota RAV4, nab\u00edz\u00edme mo\u017enost p\u0159istaven\u00ed v\u00edce vozidel najednou.<\/p>\t\t\t\t\t\t\t\t<\/div>\n\t\t\t\t<\/div>\n\t\t\t\t<\/div>\n\t\t\t\t\t<\/div>\n\t\t\t\t<\/div>\n\t\t<div class=\"elementor-element elementor-element-8724375 e-flex e-con-boxed e-con e-parent\" data-id=\"8724375\" data-element_type=\"container\">\n\t\t\t\t\t<div class=\"e-con-inner\">\n\t\t<div class=\"elementor-element elementor-element-8c692de e-con-full e-flex e-con e-child\" data-id=\"8c692de\" data-element_type=\"container\">\n\t\t\t\t<\/div>\n\t\t\t\t<div class=\"elementor-element elementor-element-36ac5c8 elementor-widget elementor-widget-heading\" data-id=\"36ac5c8\" data-element_type=\"widget\" data-widget_type=\"heading.default\">\n\t\t\t\t<div class=\"elementor-widget-container\">\n\t\t\t\t\t<h2 class=\"elementor-heading-title elementor-size-default\">ORIENTA\u010cN\u00cd CEN\u00cdK - D\u00c1LKOV\u00c9 TRASY - LETI\u0160TN\u00cd TRANSFER<\/h2>\t\t\t\t<\/div>\n\t\t\t\t<\/div>\n\t\t\t\t<div class=\"elementor-element elementor-element-2c3d60b elementor-widget elementor-widget-html\" data-id=\"2c3d60b\" data-element_type=\"widget\" data-widget_type=\"html.default\">\n\t\t\t\t<div class=\"elementor-widget-container\">\n\t\t\t\t\t\n<table id=\"tablepress-1\" class=\"tablepress tablepress-id-1\">\n<tbody class=\"row-striping row-hover\">\n<tr class=\"row-1\">\n\t<td class=\"column-1\">Praha<\/td><td class=\"column-2\">6 200 K\u010d \/ 260 \u20ac<\/td>\n<\/tr>\n<tr class=\"row-2\">\n\t<td class=\"column-1\">Brno<\/td><td class=\"column-2\">3 400 K\u010d \/ 142 \u20ac<\/td>\n<\/tr>\n<tr class=\"row-3\">\n\t<td class=\"column-1\">Olomouc<\/td><td class=\"column-2\">2 000 K\u010d \/ 84 \u20ac<\/td>\n<\/tr>\n<tr class=\"row-4\">\n\t<td class=\"column-1\">Bratislava<\/td><td class=\"column-2\">5 500 K\u010d \/ 230 \u20ac<\/td>\n<\/tr>\n<tr class=\"row-5\">\n\t<td class=\"column-1\">\u017dilina<\/td><td class=\"column-2\">2 000 K\u010d \/ 84 \u20ac<\/td>\n<\/tr>\n<tr class=\"row-6\">\n\t<td class=\"column-1\">V\u00edde\u0148<\/td><td class=\"column-2\">5 500 K\u010d \/ 230 \u20ac<\/td>\n<\/tr>\n<tr class=\"row-7\">\n\t<td class=\"column-1\">Katowice<\/td><td class=\"column-2\">3 000 K\u010d \/ 125 \u20ac<\/td>\n<\/tr>\n<tr class=\"row-8\">\n\t<td class=\"column-1\">Krakov<\/td><td class=\"column-2\">3 800 K\u010d \/ 159 \u20ac<\/td>\n<\/tr>\n<tr class=\"row-9\">\n\t<td class=\"column-1\">Var\u0161ava<\/td><td class=\"column-2\">6 400 K\u010d \/ 267 \u20ac<\/td>\n<\/tr>\n<tr class=\"row-10\">\n\t<td class=\"column-1\">Vratislav<\/td><td class=\"column-2\">5 500 K\u010d \/ 230 \u20ac<\/td>\n<\/tr>\n<\/tbody>\n<\/table>\n<!-- #tablepress-1 from cache -->\t\t\t\t<\/div>\n\t\t\t\t<\/div>\n\t\t\t\t<div class=\"elementor-element elementor-element-c7bac95 elementor-widget elementor-widget-text-editor\" data-id=\"c7bac95\" data-element_type=\"widget\" data-widget_type=\"text-editor.default\">\n\t\t\t\t<div class=\"elementor-widget-container\">\n\t\t\t\t\t\t\t\t\t<p>Ceny za leti\u0161tn\u00ed p\u0159epravy jsou kone\u010dn\u00e9. Nejsou \u00fa\u010dtov\u00e1ny \u017e\u00e1dn\u00e9 dal\u0161\u00ed poplatky.<\/p>\t\t\t\t\t\t\t\t<\/div>\n\t\t\t\t<\/div>\n\t\t\t\t<div class=\"elementor-element elementor-element-4d06a6f elementor-widget elementor-widget-heading\" data-id=\"4d06a6f\" data-element_type=\"widget\" data-widget_type=\"heading.default\">\n\t\t\t\t<div class=\"elementor-widget-container\">\n\t\t\t\t\t<h2 class=\"elementor-heading-title elementor-size-default\">CEN\u00cdK J\u00cdZDN\u00c9HO <\/h2>\t\t\t\t<\/div>\n\t\t\t\t<\/div>\n\t\t\t\t<div class=\"elementor-element elementor-element-725b721 elementor-widget elementor-widget-html\" data-id=\"725b721\" data-element_type=\"widget\" data-widget_type=\"html.default\">\n\t\t\t\t<div class=\"elementor-widget-container\">\n\t\t\t\t\t\n<table id=\"tablepress-2\" class=\"tablepress tablepress-id-2\">\n<tbody class=\"row-striping row-hover\">\n<tr class=\"row-1\">\n\t<td class=\"column-1\"><\/td><td class=\"column-2\"><\/td>\n<\/tr>\n<tr class=\"row-2\">\n\t<td class=\"column-1\">Minim\u00e1ln\u00ed cena j\u00edzdn\u00e9ho<\/td><td class=\"column-2\">100 K\u010d<\/td>\n<\/tr>\n<tr class=\"row-3\">\n\t<td class=\"column-1\">N\u00e1stupn\u00ed sazba<br \/>\n<\/td><td class=\"column-2\">20 K\u010d<\/td>\n<\/tr>\n<tr class=\"row-4\">\n\t<td class=\"column-1\">Cena za 1 km<\/td><td class=\"column-2\">od 25 K\u010d<\/td>\n<\/tr>\n<tr class=\"row-5\">\n\t<td class=\"column-1\">Cena za 1 km mimo F-M nad 100 km<br \/>\n<\/td><td class=\"column-2\">20 - 25 K\u010d nebo dle domluvy<\/td>\n<\/tr>\n<tr class=\"row-6\">\n\t<td class=\"column-1\">\u010cek\u00e1n\u00ed za 1 min<\/td><td class=\"column-2\">4 K\u010d<\/td>\n<\/tr>\n<\/tbody>\n<\/table>\n<!-- #tablepress-2 from cache -->\t\t\t\t<\/div>\n\t\t\t\t<\/div>\n\t\t\t\t<div class=\"elementor-element elementor-element-a25bd12 elementor-widget elementor-widget-heading\" data-id=\"a25bd12\" data-element_type=\"widget\" data-widget_type=\"heading.default\">\n\t\t\t\t<div class=\"elementor-widget-container\">\n\t\t\t\t\t<h2 class=\"elementor-heading-title elementor-size-default\">ORIENTA\u010cN\u00cd CEN\u00cdK VYBRANN\u00ddCH TRAS <\/h2>\t\t\t\t<\/div>\n\t\t\t\t<\/div>\n\t\t\t\t<div class=\"elementor-element elementor-element-24693c2 elementor-widget elementor-widget-html\" data-id=\"24693c2\" data-element_type=\"widget\" data-widget_type=\"html.default\">\n\t\t\t\t<div class=\"elementor-widget-container\">\n\t\t\t\t\t\n<table id=\"tablepress-3\" class=\"tablepress tablepress-id-3\">\n<tbody class=\"row-striping row-hover\">\n<tr class=\"row-1\">\n\t<td class=\"column-1\">Fr\u00fddek-M\u00edstek - T\u0159inec<\/td><td class=\"column-2\">700 K\u010d<\/td>\n<\/tr>\n<tr class=\"row-2\">\n\t<td class=\"column-1\">Fr\u00fddek-M\u00edstek - \u010cesk\u00fd T\u011b\u0161\u00edn<\/td><td class=\"column-2\">600 K\u010d<br \/>\n<\/td>\n<\/tr>\n<tr class=\"row-3\">\n\t<td class=\"column-1\">Fr\u00fddek-M\u00edstek - Jablunkov<\/td><td class=\"column-2\">950 K\u010d<\/td>\n<\/tr>\n<tr class=\"row-4\">\n\t<td class=\"column-1\">Fr\u00fddek-M\u00edstek - Hav\u00ed\u0159ov<\/td><td class=\"column-2\">400 K\u010d<br \/>\n<\/td>\n<\/tr>\n<tr class=\"row-5\">\n\t<td class=\"column-1\">Fr\u00fddek-M\u00edstek - Orlov\u00e1<\/td><td class=\"column-2\">700 K\u010d<\/td>\n<\/tr>\n<tr class=\"row-6\">\n\t<td class=\"column-1\">Fr\u00fddek-M\u00edstek - Karvin\u00e1<\/td><td class=\"column-2\">900 K\u010d<\/td>\n<\/tr>\n<tr class=\"row-7\">\n\t<td class=\"column-1\">Fr\u00fddek-M\u00edstek - Bohum\u00edn<\/td><td class=\"column-2\">1 000 K\u010d<\/td>\n<\/tr>\n<tr class=\"row-8\">\n\t<td class=\"column-1\">Fr\u00fddek-M\u00edstek - Vratimov<\/td><td class=\"column-2\">350 K\u010d<\/td>\n<\/tr>\n<tr class=\"row-9\">\n\t<td class=\"column-1\">Fr\u00fddek-M\u00edstek - Ostrava<\/td><td class=\"column-2\">650 K\u010d<\/td>\n<\/tr>\n<tr class=\"row-10\">\n\t<td class=\"column-1\">Fr\u00fddek-M\u00edstek - Hlu\u010d\u00edn<\/td><td class=\"column-2\">900 K\u010d<\/td>\n<\/tr>\n<tr class=\"row-11\">\n\t<td class=\"column-1\">Fr\u00fddek-M\u00edstek - Hrabyn\u011b<\/td><td class=\"column-2\">1 100 K\u010d<\/td>\n<\/tr>\n<tr class=\"row-12\">\n\t<td class=\"column-1\">Fr\u00fddek-M\u00edstek - Opava<\/td><td class=\"column-2\">1 400 K\u010d<\/td>\n<\/tr>\n<tr class=\"row-13\">\n\t<td class=\"column-1\">Fr\u00fddek-M\u00edstek - Klimkovice<\/td><td class=\"column-2\">700 K\u010d<\/td>\n<\/tr>\n<tr class=\"row-14\">\n\t<td class=\"column-1\">Fr\u00fddek-M\u00edstek - Nov\u00fd Ji\u010d\u00edn<\/td><td class=\"column-2\">750 K\u010d<\/td>\n<\/tr>\n<tr class=\"row-15\">\n\t<td class=\"column-1\">Fr\u00fddek-M\u00edstek - Odry<\/td><td class=\"column-2\">1 200 K\u010d<\/td>\n<\/tr>\n<tr class=\"row-16\">\n\t<td class=\"column-1\">Fr\u00fddek-M\u00edstek - Mo\u0161nov<\/td><td class=\"column-2\">650 K\u010d<\/td>\n<\/tr>\n<tr class=\"row-17\">\n\t<td class=\"column-1\">Fr\u00fddek-M\u00edstek - P\u0159\u00edbor<\/td><td class=\"column-2\">500 K\u010d<\/td>\n<\/tr>\n<tr class=\"row-18\">\n\t<td class=\"column-1\">Fr\u00fddek-M\u00edstek - B\u00edlovec<\/td><td class=\"column-2\">1 000 K\u010d<\/td>\n<\/tr>\n<tr class=\"row-19\">\n\t<td class=\"column-1\">Fr\u00fddek-M\u00edstek - Stud\u00e9nka<\/td><td class=\"column-2\">800 K\u010d<\/td>\n<\/tr>\n<tr class=\"row-20\">\n\t<td class=\"column-1\">Fr\u00fddek-M\u00edstek - Kop\u0159ivnice<\/td><td class=\"column-2\">650 K\u010d<\/td>\n<\/tr>\n<tr class=\"row-21\">\n\t<td class=\"column-1\">Fr\u00fddek-M\u00edstek - Fr\u00fddlant n. O.<\/td><td class=\"column-2\">350 K\u010d<\/td>\n<\/tr>\n<tr class=\"row-22\">\n\t<td class=\"column-1\">Fr\u00fddek-M\u00edstek - \u010celadn\u00e1<\/td><td class=\"column-2\">500 K\u010d<\/td>\n<\/tr>\n<tr class=\"row-23\">\n\t<td class=\"column-1\">Fr\u00fddek-M\u00edstek - Ostravice<\/td><td class=\"column-2\">500 K\u010d<\/td>\n<\/tr>\n<tr class=\"row-24\">\n\t<td class=\"column-1\">Fr\u00fddek-M\u00edstek - B\u00edl\u00e1<\/td><td class=\"column-2\">900 K\u010d<\/td>\n<\/tr>\n<tr class=\"row-25\">\n\t<td class=\"column-1\">Fr\u00fddek-M\u00edstek - Fren\u0161t\u00e1t p. R.<\/td><td class=\"column-2\">700 K\u010d<\/td>\n<\/tr>\n<tr class=\"row-26\">\n\t<td class=\"column-1\">Fr\u00fddek-M\u00edstek - Ro\u017enov p. R.<\/td><td class=\"column-2\">950 K\u010d<\/td>\n<\/tr>\n<tr class=\"row-27\">\n\t<td class=\"column-1\">Fr\u00fddek-M\u00edstek - Vala\u0161sk\u00e9 Mez.<\/td><td class=\"column-2\">1 200 K\u010d<\/td>\n<\/tr>\n<tr class=\"row-28\">\n\t<td class=\"column-1\">Fr\u00fddek-M\u00edstek - Krnov<\/td><td class=\"column-2\">2 000 K\u010d<\/td>\n<\/tr>\n<tr class=\"row-29\">\n\t<td class=\"column-1\">Fr\u00fddek-M\u00edstek - Brunt\u00e1l<\/td><td class=\"column-2\">2 400 K\u010d<\/td>\n<\/tr>\n<tr class=\"row-30\">\n\t<td class=\"column-1\">Fr\u00fddek-M\u00edstek - R\u00fdma\u0159ov<\/td><td class=\"column-2\">2 800 K\u010d<\/td>\n<\/tr>\n<tr class=\"row-31\">\n\t<td class=\"column-1\">Fr\u00fddek-M\u00edstek - Vrbno p. Pra.<\/td><td class=\"column-2\">2 700 K\u010d<\/td>\n<\/tr>\n<\/tbody>\n<\/table>\n<!-- #tablepress-3 from cache -->\t\t\t\t<\/div>\n\t\t\t\t<\/div>\n\t\t\t\t<div class=\"elementor-element elementor-element-e3b24cf elementor-widget elementor-widget-text-editor\" data-id=\"e3b24cf\" data-element_type=\"widget\" data-widget_type=\"text-editor.default\">\n\t\t\t\t<div class=\"elementor-widget-container\">\n\t\t\t\t\t\t\t\t\t<p>Cen\u00edk je stanoven pro p\u0159epravu cel\u00e9ho vozu, nikoliv jednotliv\u00fdch osob. V\u0161echny uveden\u00e9 ceny plat\u00ed pro jednosm\u011brnou j\u00edzdu.<\/p><p>Vyhrazujeme si pr\u00e1vo zm\u011bnit kdykoliv cen\u00edk dle aktu\u00e1ln\u00ed ceny pohonn\u00fdch hmot.\u00a0<\/p><p>Cen\u00edk je platn\u00ed od 1.1.2025\u00a0<\/p>\t\t\t\t\t\t\t\t<\/div>\n\t\t\t\t<\/div>\n\t\t\t\t\t<\/div>\n\t\t\t\t<\/div>\n\t\t<div class=\"elementor-element elementor-element-d8e9e19 e-flex e-con-boxed e-con e-parent\" data-id=\"d8e9e19\" data-element_type=\"container\">\n\t\t\t\t\t<div class=\"e-con-inner\">\n\t\t\t\t<div class=\"elementor-element elementor-element-35b036c elementor-widget elementor-widget-heading\" data-id=\"35b036c\" data-element_type=\"widget\" data-widget_type=\"heading.default\">\n\t\t\t\t<div class=\"elementor-widget-container\">\n\t\t\t\t\t<h2 class=\"elementor-heading-title elementor-size-default\">Mo\u017enost zakoupen\u00ed voucheru<\/h2>\t\t\t\t<\/div>\n\t\t\t\t<\/div>\n\t\t\t\t<div class=\"elementor-element elementor-element-d2184b6 elementor-widget elementor-widget-image\" data-id=\"d2184b6\" data-element_type=\"widget\" data-widget_type=\"image.default\">\n\t\t\t\t<div class=\"elementor-widget-container\">\n\t\t\t\t\t\t\t\t\t\t\t\t\t\t\t<img decoding=\"async\" width=\"1030\" height=\"482\" src=\"http:\/\/flexitaxi.cz\/wp-content\/uploads\/2025\/01\/Snimek-obrazovky-2025-01-26-v-13.08.29.png\" class=\"attachment-large size-large wp-image-389\" alt=\"\" \/>\t\t\t\t\t\t\t\t\t\t\t\t\t\t\t<\/div>\n\t\t\t\t<\/div>\n\t\t\t\t\t<\/div>\n\t\t\t\t<\/div>\n\t\t\t\t<\/div>","protected":false},"excerpt":{"rendered":"<p>CEN\u00cdK Platby lze prov\u00e1d\u011bt v hotovosti, p\u0159es platebn\u00ed termin\u00e1l nebo faktura\u010dn\u011b se splatnost\u00ed 7 dn\u00ed p\u0159evodem na \u00fa\u010det, p\u0159ij\u00edm\u00e1me i [&hellip;]<\/p>","protected":false},"author":1,"featured_media":0,"parent":0,"menu_order":0,"comment_status":"closed","ping_status":"closed","template":"","meta":{"site-sidebar-layout":"no-sidebar","site-content-layout":"","ast-site-content-layout":"full-width-container","site-content-style":"default","site-sidebar-style":"default","ast-global-header-display":"","ast-banner-title-visibility":"","ast-main-header-display":"","ast-hfb-above-header-display":"","ast-hfb-below-header-display":"","ast-hfb-mobile-header-display":"","site-post-title":"disabled","ast-breadcrumbs-content":"","ast-featured-img":"disabled","footer-sml-layout":"","theme-transparent-header-meta":"default","adv-header-id-meta":"","stick-header-meta":"","header-above-stick-meta":"","header-main-stick-meta":"","header-below-stick-meta":"","astra-migrate-meta-layouts":"set","ast-page-background-enabled":"default","ast-page-background-meta":{"desktop":{"background-color":"var(--ast-global-color-5)","background-image":"","background-repeat":"repeat","background-position":"center center","background-size":"auto","background-attachment":"scroll","background-type":"","background-media":"","overlay-type":"","overlay-color":"","overlay-opacity":"","overlay-gradient":""},"tablet":{"background-color":"","background-image":"","background-repeat":"repeat","background-position":"center center","background-size":"auto","background-attachment":"scroll","background-type":"","background-media":"","overlay-type":"","overlay-color":"","overlay-opacity":"","overlay-gradient":""},"mobile":{"background-color":"","background-image":"","background-repeat":"repeat","background-position":"center center","background-size":"auto","background-attachment":"scroll","background-type":"","background-media":"","overlay-type":"","overlay-color":"","overlay-opacity":"","overlay-gradient":""}},"ast-content-background-meta":{"desktop":{"background-color":"var(--ast-global-color-4)","background-image":"","background-repeat":"repeat","background-position":"center center","background-size":"auto","background-attachment":"scroll","background-type":"","background-media":"","overlay-type":"","overlay-color":"","overlay-opacity":"","overlay-gradient":""},"tablet":{"background-color":"var(--ast-global-color-4)","background-image":"","background-repeat":"repeat","background-position":"center center","background-size":"auto","background-attachment":"scroll","background-type":"","background-media":"","overlay-type":"","overlay-color":"","overlay-opacity":"","overlay-gradient":""},"mobile":{"background-color":"var(--ast-global-color-4)","background-image":"","background-repeat":"repeat","background-position":"center center","background-size":"auto","background-attachment":"scroll","background-type":"","background-media":"","overlay-type":"","overlay-color":"","overlay-opacity":"","overlay-gradient":""}},"footnotes":""},"class_list":["post-39","page","type-page","status-publish","hentry"],"_links":{"self":[{"href":"http:\/\/flexitaxi.cz\/en\/wp-json\/wp\/v2\/pages\/39","targetHints":{"allow":["GET"]}}],"collection":[{"href":"http:\/\/flexitaxi.cz\/en\/wp-json\/wp\/v2\/pages"}],"about":[{"href":"http:\/\/flexitaxi.cz\/en\/wp-json\/wp\/v2\/types\/page"}],"author":[{"embeddable":true,"href":"http:\/\/flexitaxi.cz\/en\/wp-json\/wp\/v2\/users\/1"}],"replies":[{"embeddable":true,"href":"http:\/\/flexitaxi.cz\/en\/wp-json\/wp\/v2\/comments?post=39"}],"version-history":[{"count":41,"href":"http:\/\/flexitaxi.cz\/en\/wp-json\/wp\/v2\/pages\/39\/revisions"}],"predecessor-version":[{"id":471,"href":"http:\/\/flexitaxi.cz\/en\/wp-json\/wp\/v2\/pages\/39\/revisions\/471"}],"wp:attachment":[{"href":"http:\/\/flexitaxi.cz\/en\/wp-json\/wp\/v2\/media?parent=39"}],"curies":[{"name":"wp","href":"https:\/\/api.w.org\/{rel}","templated":true}]}}