{"id":35,"date":"2025-01-22T19:17:31","date_gmt":"2025-01-22T18:17:31","guid":{"rendered":"https:\/\/flexitaxi.cz\/?page_id=35"},"modified":"2025-10-27T17:21:59","modified_gmt":"2025-10-27T16:21:59","slug":"o-nas","status":"publish","type":"page","link":"http:\/\/flexitaxi.cz\/en\/o-nas\/","title":{"rendered":"O N\u00c1S"},"content":{"rendered":"<div data-elementor-type=\"wp-page\" data-elementor-id=\"35\" class=\"elementor elementor-35\">\n\t\t\t\t<div class=\"elementor-element elementor-element-e18acf2 e-flex e-con-boxed e-con e-parent\" data-id=\"e18acf2\" data-element_type=\"container\">\n\t\t\t\t\t<div class=\"e-con-inner\">\n\t\t\t\t\t<\/div>\n\t\t\t\t<\/div>\n\t\t<div class=\"elementor-element elementor-element-aa70dc1 e-flex e-con-boxed e-con e-parent\" data-id=\"aa70dc1\" data-element_type=\"container\" data-settings=\"{&quot;background_background&quot;:&quot;classic&quot;}\">\n\t\t\t\t\t<div class=\"e-con-inner\">\n\t\t<div class=\"elementor-element elementor-element-9bf4040 e-con-full e-flex e-con e-child\" data-id=\"9bf4040\" data-element_type=\"container\">\n\t\t\t\t<div class=\"elementor-element elementor-element-e681624 elementor-widget elementor-widget-image\" data-id=\"e681624\" data-element_type=\"widget\" data-widget_type=\"image.default\">\n\t\t\t\t<div class=\"elementor-widget-container\">\n\t\t\t\t\t\t\t\t\t\t\t\t\t\t\t<img fetchpriority=\"high\" decoding=\"async\" width=\"1030\" height=\"572\" src=\"http:\/\/flexitaxi.cz\/wp-content\/uploads\/2025\/01\/Snimek-obrazovky-2025-01-23-v-0.01.46-e1737654289196.png\" class=\"attachment-large size-large wp-image-81\" alt=\"\" \/>\t\t\t\t\t\t\t\t\t\t\t\t\t\t\t<\/div>\n\t\t\t\t<\/div>\n\t\t\t\t<\/div>\n\t\t<div class=\"elementor-element elementor-element-ee876c6 e-con-full e-flex e-con e-child\" data-id=\"ee876c6\" data-element_type=\"container\">\n\t\t\t\t<div class=\"elementor-element elementor-element-d512628 elementor-widget elementor-widget-text-editor\" data-id=\"d512628\" data-element_type=\"widget\" data-widget_type=\"text-editor.default\">\n\t\t\t\t<div class=\"elementor-widget-container\">\n\t\t\t\t\t\t\t\t\tSeznamte se\t\t\t\t\t\t\t\t<\/div>\n\t\t\t\t<\/div>\n\t\t\t\t<div class=\"elementor-element elementor-element-65c51de elementor-widget elementor-widget-heading\" data-id=\"65c51de\" data-element_type=\"widget\" data-widget_type=\"heading.default\">\n\t\t\t\t<div class=\"elementor-widget-container\">\n\t\t\t\t\t<h2 class=\"elementor-heading-title elementor-size-default\">JSME FLEXITAXI<\/h2>\t\t\t\t<\/div>\n\t\t\t\t<\/div>\n\t\t\t\t<div class=\"elementor-element elementor-element-231a1c4 elementor-widget elementor-widget-text-editor\" data-id=\"231a1c4\" data-element_type=\"widget\" data-widget_type=\"text-editor.default\">\n\t\t\t\t<div class=\"elementor-widget-container\">\n\t\t\t\t\t\t\t\t\t<p>Jsme taxislu\u017eba nov\u00e9 generace z Moravskoslezsk\u00e9ho kraje, kter\u00e1 je zalo\u017eena na kvalitn\u00edm p\u0159epravn\u00edm servisu na V\u00e1mi ur\u010den\u00e1 m\u00edsta.\u00a0<\/p>\t\t\t\t\t\t\t\t<\/div>\n\t\t\t\t<\/div>\n\t\t\t\t<\/div>\n\t\t\t\t\t<\/div>\n\t\t\t\t<\/div>\n\t\t<div class=\"elementor-element elementor-element-e42d54e e-flex e-con-boxed e-con e-parent\" data-id=\"e42d54e\" data-element_type=\"container\">\n\t\t\t\t\t<div class=\"e-con-inner\">\n\t\t\t\t\t<\/div>\n\t\t\t\t<\/div>\n\t\t<div class=\"elementor-element elementor-element-5caed0c e-flex e-con-boxed e-con e-parent\" data-id=\"5caed0c\" data-element_type=\"container\">\n\t\t\t\t\t<div class=\"e-con-inner\">\n\t\t\t\t<div class=\"elementor-element elementor-element-dc20380 elementor-widget elementor-widget-text-editor\" data-id=\"dc20380\" data-element_type=\"widget\" data-widget_type=\"text-editor.default\">\n\t\t\t\t<div class=\"elementor-widget-container\">\n\t\t\t\t\t\t\t\t\t<p>Pot\u0159ebujete odvoz z\/na leti\u0161t\u011b, do hotelu? \u010cek\u00e1 na V\u00e1s d\u016fle\u017eit\u00e9 jedn\u00e1n\u00ed v zahrani\u010d\u00ed? My jsme ti prav\u00ed pro V\u00e1s. Nab\u00edz\u00edme p\u0159epravu na slu\u017eebn\u00ed cesty v r\u00e1mci cel\u00e9 EU, kur\u00fdrn\u00ed slu\u017eby, Airport transfer, Drink servis nebo odvoz z\/na rodinn\u00e9 oslavy \u010di svatby.\u00a0<\/p><p>Jsme spolehliv\u00ed, \u010dasov\u011b flexibiln\u00ed, p\u0159esn\u00ed, \u0159idi\u010di jsou zku\u0161en\u00ed profesion\u00e1lov\u00e9 a na\u0161e auta pohodln\u00e1, komfortn\u00ed, \u010dist\u00e1 a neku\u0159\u00e1ck\u00e1. Celkov\u00e1 nab\u00eddka zahrnuje slu\u017eby v tom nej\u0161ir\u0161\u00edm rozsahu pro Va\u0161i maxim\u00e1ln\u00ed spokojenost.\u00a0<\/p><p>Garantujeme kvalitn\u00ed klimatizovan\u00e9 vozy, vysokou kvalitu poskytovan\u00fdch slu\u017eeb za bezkonkuren\u010dn\u00ed ceny s mno\u017estv\u00ed slev. Flexibiln\u011b se p\u0159izp\u016fsob\u00edme individu\u00e1ln\u00edm pot\u0159eb\u00e1m klient\u016f, objedn\u00e1vky p\u0159ij\u00edm\u00e1me 24 hodin denn\u011b 7 dn\u00ed v t\u00fddnu.\u00a0<\/p><p>Platby lze prov\u00e1d\u011bt v hotovosti, p\u0159es platebn\u00ed termin\u00e1l nebo faktura\u010dn\u011b se splatnost\u00ed 7 dn\u00ed p\u0159evodem na \u00fa\u010det, p\u0159ij\u00edm\u00e1me i EURO.\u00a0<\/p><p>V\u011b\u0159\u00edme, \u017ee si na\u0161e poskytovan\u00e9 slu\u017eby obl\u00edb\u00edte a budete je r\u00e1di vyu\u017e\u00edvat.\u00a0<\/p><p>\u00a0<\/p>\t\t\t\t\t\t\t\t<\/div>\n\t\t\t\t<\/div>\n\t\t\t\t\t<\/div>\n\t\t\t\t<\/div>\n\t\t<div class=\"elementor-element elementor-element-8ed6498 e-flex e-con-boxed e-con e-parent\" data-id=\"8ed6498\" data-element_type=\"container\">\n\t\t\t\t\t<div class=\"e-con-inner\">\n\t\t\t\t\t<\/div>\n\t\t\t\t<\/div>\n\t\t\t\t<\/div>","protected":false},"excerpt":{"rendered":"<p>Seznamte se JSME FLEXITAXI Jsme taxislu\u017eba nov\u00e9 generace z Moravskoslezsk\u00e9ho kraje, kter\u00e1 je zalo\u017eena na kvalitn\u00edm p\u0159epravn\u00edm servisu na V\u00e1mi [&hellip;]<\/p>","protected":false},"author":1,"featured_media":0,"parent":0,"menu_order":0,"comment_status":"closed","ping_status":"closed","template":"","meta":{"site-sidebar-layout":"no-sidebar","site-content-layout":"","ast-site-content-layout":"full-width-container","site-content-style":"default","site-sidebar-style":"default","ast-global-header-display":"","ast-banner-title-visibility":"","ast-main-header-display":"","ast-hfb-above-header-display":"","ast-hfb-below-header-display":"","ast-hfb-mobile-header-display":"","site-post-title":"disabled","ast-breadcrumbs-content":"","ast-featured-img":"disabled","footer-sml-layout":"","theme-transparent-header-meta":"default","adv-header-id-meta":"","stick-header-meta":"","header-above-stick-meta":"","header-main-stick-meta":"","header-below-stick-meta":"","astra-migrate-meta-layouts":"set","ast-page-background-enabled":"default","ast-page-background-meta":{"desktop":{"background-color":"var(--ast-global-color-5)","background-image":"","background-repeat":"repeat","background-position":"center center","background-size":"auto","background-attachment":"scroll","background-type":"","background-media":"","overlay-type":"","overlay-color":"","overlay-opacity":"","overlay-gradient":""},"tablet":{"background-color":"","background-image":"","background-repeat":"repeat","background-position":"center center","background-size":"auto","background-attachment":"scroll","background-type":"","background-media":"","overlay-type":"","overlay-color":"","overlay-opacity":"","overlay-gradient":""},"mobile":{"background-color":"","background-image":"","background-repeat":"repeat","background-position":"center center","background-size":"auto","background-attachment":"scroll","background-type":"","background-media":"","overlay-type":"","overlay-color":"","overlay-opacity":"","overlay-gradient":""}},"ast-content-background-meta":{"desktop":{"background-color":"var(--ast-global-color-4)","background-image":"","background-repeat":"repeat","background-position":"center center","background-size":"auto","background-attachment":"scroll","background-type":"","background-media":"","overlay-type":"","overlay-color":"","overlay-opacity":"","overlay-gradient":""},"tablet":{"background-color":"var(--ast-global-color-4)","background-image":"","background-repeat":"repeat","background-position":"center center","background-size":"auto","background-attachment":"scroll","background-type":"","background-media":"","overlay-type":"","overlay-color":"","overlay-opacity":"","overlay-gradient":""},"mobile":{"background-color":"var(--ast-global-color-4)","background-image":"","background-repeat":"repeat","background-position":"center center","background-size":"auto","background-attachment":"scroll","background-type":"","background-media":"","overlay-type":"","overlay-color":"","overlay-opacity":"","overlay-gradient":""}},"footnotes":""},"class_list":["post-35","page","type-page","status-publish","hentry"],"_links":{"self":[{"href":"http:\/\/flexitaxi.cz\/en\/wp-json\/wp\/v2\/pages\/35","targetHints":{"allow":["GET"]}}],"collection":[{"href":"http:\/\/flexitaxi.cz\/en\/wp-json\/wp\/v2\/pages"}],"about":[{"href":"http:\/\/flexitaxi.cz\/en\/wp-json\/wp\/v2\/types\/page"}],"author":[{"embeddable":true,"href":"http:\/\/flexitaxi.cz\/en\/wp-json\/wp\/v2\/users\/1"}],"replies":[{"embeddable":true,"href":"http:\/\/flexitaxi.cz\/en\/wp-json\/wp\/v2\/comments?post=35"}],"version-history":[{"count":40,"href":"http:\/\/flexitaxi.cz\/en\/wp-json\/wp\/v2\/pages\/35\/revisions"}],"predecessor-version":[{"id":492,"href":"http:\/\/flexitaxi.cz\/en\/wp-json\/wp\/v2\/pages\/35\/revisions\/492"}],"wp:attachment":[{"href":"http:\/\/flexitaxi.cz\/en\/wp-json\/wp\/v2\/media?parent=35"}],"curies":[{"name":"wp","href":"https:\/\/api.w.org\/{rel}","templated":true}]}}