{"id":324,"date":"2025-01-24T23:42:48","date_gmt":"2025-01-24T22:42:48","guid":{"rendered":"https:\/\/flexitaxi.cz\/?page_id=324"},"modified":"2025-10-27T17:16:22","modified_gmt":"2025-10-27T16:16:22","slug":"cashback","status":"publish","type":"page","link":"http:\/\/flexitaxi.cz\/en\/cashback\/","title":{"rendered":"CASHBACK"},"content":{"rendered":"<div data-elementor-type=\"wp-page\" data-elementor-id=\"324\" class=\"elementor elementor-324\">\n\t\t\t\t<div class=\"elementor-element elementor-element-e401bd8 e-flex e-con-boxed e-con e-parent\" data-id=\"e401bd8\" data-element_type=\"container\" data-settings=\"{&quot;background_background&quot;:&quot;classic&quot;}\">\n\t\t\t\t\t<div class=\"e-con-inner\">\n\t\t\t\t\t<\/div>\n\t\t\t\t<\/div>\n\t\t<div class=\"elementor-element elementor-element-6f0c293 e-flex e-con-boxed e-con e-parent\" data-id=\"6f0c293\" data-element_type=\"container\" data-settings=\"{&quot;background_background&quot;:&quot;classic&quot;}\">\n\t\t\t\t\t<div class=\"e-con-inner\">\n\t\t<div class=\"elementor-element elementor-element-1efb28c e-con-full e-flex e-con e-child\" data-id=\"1efb28c\" data-element_type=\"container\">\n\t\t\t\t<div class=\"elementor-element elementor-element-2c738eb elementor-widget elementor-widget-image\" data-id=\"2c738eb\" data-element_type=\"widget\" data-widget_type=\"image.default\">\n\t\t\t\t<div class=\"elementor-widget-container\">\n\t\t\t\t\t\t\t\t\t\t\t\t\t\t\t<img fetchpriority=\"high\" decoding=\"async\" width=\"768\" height=\"767\" src=\"http:\/\/flexitaxi.cz\/wp-content\/uploads\/2025\/01\/Snimek-obrazovky-2025-01-26-v-12.03.31.png\" class=\"attachment-medium_large size-medium_large wp-image-372\" alt=\"\" \/>\t\t\t\t\t\t\t\t\t\t\t\t\t\t\t<\/div>\n\t\t\t\t<\/div>\n\t\t\t\t<\/div>\n\t\t<div class=\"elementor-element elementor-element-8f03c77 e-con-full e-flex e-con e-child\" data-id=\"8f03c77\" data-element_type=\"container\">\n\t\t\t\t<div class=\"elementor-element elementor-element-7a3a79b elementor-widget elementor-widget-heading\" data-id=\"7a3a79b\" data-element_type=\"widget\" data-widget_type=\"heading.default\">\n\t\t\t\t<div class=\"elementor-widget-container\">\n\t\t\t\t\t<h2 class=\"elementor-heading-title elementor-size-default\">Motiva\u010dn\u00ed program - CASHBACK<\/h2>\t\t\t\t<\/div>\n\t\t\t\t<\/div>\n\t\t\t\t<div class=\"elementor-element elementor-element-e280802 elementor-widget elementor-widget-text-editor\" data-id=\"e280802\" data-element_type=\"widget\" data-widget_type=\"text-editor.default\">\n\t\t\t\t<div class=\"elementor-widget-container\">\n\t\t\t\t\t\t\t\t\t<p>Vlastn\u00edte nebo provozujete hotel, penzion, ubytovac\u00ed za\u0159\u00edzen\u00ed s recepc\u00ed p\u0159\u00edpadn\u011b restauraci, kav\u00e1rnu nebo jin\u00e9 za\u0159\u00edzen\u00ed ve Fr\u00fddku-M\u00edstku \u010di v Moravskoslezsk\u00e9m kraji?\u00a0<\/p>\t\t\t\t\t\t\t\t<\/div>\n\t\t\t\t<\/div>\n\t\t\t\t<\/div>\n\t\t\t\t\t<\/div>\n\t\t\t\t<\/div>\n\t\t<div class=\"elementor-element elementor-element-c153f3d e-flex e-con-boxed e-con e-parent\" data-id=\"c153f3d\" data-element_type=\"container\">\n\t\t\t\t\t<div class=\"e-con-inner\">\n\t\t\t\t<div class=\"elementor-element elementor-element-9c721dc elementor-widget elementor-widget-text-editor\" data-id=\"9c721dc\" data-element_type=\"widget\" data-widget_type=\"text-editor.default\">\n\t\t\t\t<div class=\"elementor-widget-container\">\n\t\t\t\t\t\t\t\t\t<p>P\u0159ipravili jsme pro V\u00e1s exkluzivn\u00ed Cashback motiva\u010dn\u00ed program!\u00a0<\/p><p>Za ka\u017edou j\u00edzdu objednanou p\u0159es n\u00e1\u0161 dispe\u010dink V\u00e1m vyplat\u00edme provizi ve v\u00fd\u0161i 5 &#8211; 10% &#8211; a to pravideln\u011b v hotovosti nebo okam\u017eitou platbou na \u00fa\u010det.<\/p>\t\t\t\t\t\t\t\t<\/div>\n\t\t\t\t<\/div>\n\t\t\t\t\t<\/div>\n\t\t\t\t<\/div>\n\t\t\t\t<\/div>","protected":false},"excerpt":{"rendered":"<p>Motiva\u010dn\u00ed program &#8211; CASHBACK Vlastn\u00edte nebo provozujete hotel, penzion, ubytovac\u00ed za\u0159\u00edzen\u00ed s recepc\u00ed p\u0159\u00edpadn\u011b restauraci, kav\u00e1rnu nebo jin\u00e9 za\u0159\u00edzen\u00ed ve [&hellip;]<\/p>","protected":false},"author":1,"featured_media":0,"parent":0,"menu_order":0,"comment_status":"closed","ping_status":"closed","template":"","meta":{"site-sidebar-layout":"no-sidebar","site-content-layout":"","ast-site-content-layout":"full-width-container","site-content-style":"default","site-sidebar-style":"default","ast-global-header-display":"","ast-banner-title-visibility":"","ast-main-header-display":"","ast-hfb-above-header-display":"","ast-hfb-below-header-display":"","ast-hfb-mobile-header-display":"","site-post-title":"disabled","ast-breadcrumbs-content":"","ast-featured-img":"disabled","footer-sml-layout":"","theme-transparent-header-meta":"default","adv-header-id-meta":"","stick-header-meta":"","header-above-stick-meta":"","header-main-stick-meta":"","header-below-stick-meta":"","astra-migrate-meta-layouts":"set","ast-page-background-enabled":"default","ast-page-background-meta":{"desktop":{"background-color":"var(--ast-global-color-5)","background-image":"","background-repeat":"repeat","background-position":"center center","background-size":"auto","background-attachment":"scroll","background-type":"","background-media":"","overlay-type":"","overlay-color":"","overlay-opacity":"","overlay-gradient":""},"tablet":{"background-color":"","background-image":"","background-repeat":"repeat","background-position":"center center","background-size":"auto","background-attachment":"scroll","background-type":"","background-media":"","overlay-type":"","overlay-color":"","overlay-opacity":"","overlay-gradient":""},"mobile":{"background-color":"","background-image":"","background-repeat":"repeat","background-position":"center center","background-size":"auto","background-attachment":"scroll","background-type":"","background-media":"","overlay-type":"","overlay-color":"","overlay-opacity":"","overlay-gradient":""}},"ast-content-background-meta":{"desktop":{"background-color":"var(--ast-global-color-4)","background-image":"","background-repeat":"repeat","background-position":"center center","background-size":"auto","background-attachment":"scroll","background-type":"","background-media":"","overlay-type":"","overlay-color":"","overlay-opacity":"","overlay-gradient":""},"tablet":{"background-color":"var(--ast-global-color-4)","background-image":"","background-repeat":"repeat","background-position":"center center","background-size":"auto","background-attachment":"scroll","background-type":"","background-media":"","overlay-type":"","overlay-color":"","overlay-opacity":"","overlay-gradient":""},"mobile":{"background-color":"var(--ast-global-color-4)","background-image":"","background-repeat":"repeat","background-position":"center center","background-size":"auto","background-attachment":"scroll","background-type":"","background-media":"","overlay-type":"","overlay-color":"","overlay-opacity":"","overlay-gradient":""}},"footnotes":""},"class_list":["post-324","page","type-page","status-publish","hentry"],"_links":{"self":[{"href":"http:\/\/flexitaxi.cz\/en\/wp-json\/wp\/v2\/pages\/324","targetHints":{"allow":["GET"]}}],"collection":[{"href":"http:\/\/flexitaxi.cz\/en\/wp-json\/wp\/v2\/pages"}],"about":[{"href":"http:\/\/flexitaxi.cz\/en\/wp-json\/wp\/v2\/types\/page"}],"author":[{"embeddable":true,"href":"http:\/\/flexitaxi.cz\/en\/wp-json\/wp\/v2\/users\/1"}],"replies":[{"embeddable":true,"href":"http:\/\/flexitaxi.cz\/en\/wp-json\/wp\/v2\/comments?post=324"}],"version-history":[{"count":13,"href":"http:\/\/flexitaxi.cz\/en\/wp-json\/wp\/v2\/pages\/324\/revisions"}],"predecessor-version":[{"id":477,"href":"http:\/\/flexitaxi.cz\/en\/wp-json\/wp\/v2\/pages\/324\/revisions\/477"}],"wp:attachment":[{"href":"http:\/\/flexitaxi.cz\/en\/wp-json\/wp\/v2\/media?parent=324"}],"curies":[{"name":"wp","href":"https:\/\/api.w.org\/{rel}","templated":true}]}}